{"id":696,"date":"2020-07-24T17:49:47","date_gmt":"2020-07-24T17:49:47","guid":{"rendered":"https:\/\/radiobabel.com.ar\/web\/?post_type=product&#038;p=696"},"modified":"2023-10-09T23:16:04","modified_gmt":"2023-10-09T23:16:04","slug":"espacio-en-franja-fija","status":"publish","type":"product","link":"https:\/\/radiobabel.com.ar\/web\/producto\/espacio-en-franja-fija\/","title":{"rendered":"Espacio publicitario en franja fija"},"content":{"rendered":"","protected":false},"excerpt":{"rendered":"<p><strong><span style=\"color: #ff0000;\">VALOR MENSUAL<\/span><\/strong><\/p>\n<p>Caracter\u00edsticas<\/p>\n<ul>\n<li><strong>\u00a06 Salidas diarias<\/strong>\u00a0 repartidas en la(s) franja(s) elegida(s)<br \/>\nLa ma\u00f1ana (6 a 12 hs)<br \/>\nLa tarde (13 a 18 hs)<br \/>\nLa vuelta (19 a 21 hs)<br \/>\nLa noche (22 a 24 hs)<br \/>\nTrasnoche Babel (0 a 5 hs)<\/li>\n<li>Pauta contrataci\u00f3n trimestral<\/li>\n<li>Duraci\u00f3n de la art\u00edstica 30 segundos<\/li>\n<li>Art\u00edstica (m\u00fasica y locuci\u00f3n) a cargo de la radio<\/li>\n<li>Presencia con banner en la web de la radio<\/li>\n<\/ul>\n","protected":false},"featured_media":133,"template":"","meta":[],"product_brand":[],"product_cat":[34],"product_tag":[],"class_list":{"0":"post-696","1":"product","2":"type-product","3":"status-publish","4":"has-post-thumbnail","6":"product_cat-anuncia-en-radio-babel","8":"first","9":"instock","10":"sale","11":"virtual","12":"purchasable","13":"product-type-simple"},"_links":{"self":[{"href":"https:\/\/radiobabel.com.ar\/web\/wp-json\/wp\/v2\/product\/696","targetHints":{"allow":["GET"]}}],"collection":[{"href":"https:\/\/radiobabel.com.ar\/web\/wp-json\/wp\/v2\/product"}],"about":[{"href":"https:\/\/radiobabel.com.ar\/web\/wp-json\/wp\/v2\/types\/product"}],"wp:featuredmedia":[{"embeddable":true,"href":"https:\/\/radiobabel.com.ar\/web\/wp-json\/wp\/v2\/media\/133"}],"wp:attachment":[{"href":"https:\/\/radiobabel.com.ar\/web\/wp-json\/wp\/v2\/media?parent=696"}],"wp:term":[{"taxonomy":"product_brand","embeddable":true,"href":"https:\/\/radiobabel.com.ar\/web\/wp-json\/wp\/v2\/product_brand?post=696"},{"taxonomy":"product_cat","embeddable":true,"href":"https:\/\/radiobabel.com.ar\/web\/wp-json\/wp\/v2\/product_cat?post=696"},{"taxonomy":"product_tag","embeddable":true,"href":"https:\/\/radiobabel.com.ar\/web\/wp-json\/wp\/v2\/product_tag?post=696"}],"curies":[{"name":"wp","href":"https:\/\/api.w.org\/{rel}","templated":true}]}}