{"id":693,"date":"2020-07-24T17:34:35","date_gmt":"2020-07-24T17:34:35","guid":{"rendered":"https:\/\/radiobabel.com.ar\/web\/?post_type=product&#038;p=693"},"modified":"2023-10-09T23:15:19","modified_gmt":"2023-10-09T23:15:19","slug":"espacio-rotativo-1","status":"publish","type":"product","link":"https:\/\/radiobabel.com.ar\/web\/producto\/espacio-rotativo-1\/","title":{"rendered":"Espacio publicitario rotativo 1"},"content":{"rendered":"","protected":false},"excerpt":{"rendered":"<p>Espacio publicitario en las tandas de la radio<\/p>\n<ul>\n<li><strong>3 salidas diarias<\/strong> repartidas en cualquiera franjas horarias<br \/>\nLa ma\u00f1ana (6 a 12 hs)<br \/>\nLa tarde (13 a 18 hs)<br \/>\nLa vuelta (19 a 21 hs)<br \/>\nLa noche (22 a 24 hs)<br \/>\nTrasnoche Babel (0 a 5 hs)<\/li>\n<li>Pauta mensual<\/li>\n<li>Duraci\u00f3n de la art\u00edstica 30 segundos<\/li>\n<li>Art\u00edstica (m\u00fasica y locuci\u00f3n) a cargo de la radio<\/li>\n<li>Presencia con banner en la web de la radio<\/li>\n<\/ul>\n","protected":false},"featured_media":44,"template":"","meta":[],"product_brand":[],"product_cat":[34],"product_tag":[],"class_list":{"0":"post-693","1":"product","2":"type-product","3":"status-publish","4":"has-post-thumbnail","6":"product_cat-anuncia-en-radio-babel","8":"first","9":"instock","10":"virtual","11":"purchasable","12":"product-type-simple"},"_links":{"self":[{"href":"https:\/\/radiobabel.com.ar\/web\/wp-json\/wp\/v2\/product\/693","targetHints":{"allow":["GET"]}}],"collection":[{"href":"https:\/\/radiobabel.com.ar\/web\/wp-json\/wp\/v2\/product"}],"about":[{"href":"https:\/\/radiobabel.com.ar\/web\/wp-json\/wp\/v2\/types\/product"}],"wp:featuredmedia":[{"embeddable":true,"href":"https:\/\/radiobabel.com.ar\/web\/wp-json\/wp\/v2\/media\/44"}],"wp:attachment":[{"href":"https:\/\/radiobabel.com.ar\/web\/wp-json\/wp\/v2\/media?parent=693"}],"wp:term":[{"taxonomy":"product_brand","embeddable":true,"href":"https:\/\/radiobabel.com.ar\/web\/wp-json\/wp\/v2\/product_brand?post=693"},{"taxonomy":"product_cat","embeddable":true,"href":"https:\/\/radiobabel.com.ar\/web\/wp-json\/wp\/v2\/product_cat?post=693"},{"taxonomy":"product_tag","embeddable":true,"href":"https:\/\/radiobabel.com.ar\/web\/wp-json\/wp\/v2\/product_tag?post=693"}],"curies":[{"name":"wp","href":"https:\/\/api.w.org\/{rel}","templated":true}]}}