{"id":482,"date":"2019-05-14T04:00:53","date_gmt":"2019-05-14T04:00:53","guid":{"rendered":"https:\/\/radiobabel.com.ar\/web\/?post_type=product&#038;p=482"},"modified":"2026-02-04T14:23:06","modified_gmt":"2026-02-04T14:23:06","slug":"espacio-2","status":"publish","type":"product","link":"https:\/\/radiobabel.com.ar\/web\/producto\/espacio-2\/","title":{"rendered":"EMISI\u00d3N Semanal 2 hs"},"content":{"rendered":"<p><strong>Caracter\u00edsticas:<br \/>\n<\/strong><\/p>\n<ul>\n<li>Espacio de 110 minutos de emisi\u00f3n semanales que corresponden al tiempo de la art\u00edstica de cada emisi\u00f3n.<\/li>\n<li>P\u00e1gina del programa en la web de la radio.<\/li>\n<li>Archivo de todos los programa emitidos completo en la web.<\/li>\n<\/ul>\n","protected":false},"excerpt":{"rendered":"<p><span style=\"color: #ff0000;\"><strong>COSTO MENSUAL IVA INCLUIDO<br \/>\n<\/strong><em>(por una emisi\u00f3n semana de dos horas en horario fijo \u2013 ya sean 4 o 5 programas en el mes-)<\/em><\/span><\/p>\n","protected":false},"featured_media":130,"template":"","meta":[],"product_brand":[],"product_cat":[20],"product_tag":[],"class_list":{"0":"post-482","1":"product","2":"type-product","3":"status-publish","4":"has-post-thumbnail","6":"product_cat-espacios-programas","8":"first","9":"instock","10":"sale","11":"virtual","12":"purchasable","13":"product-type-simple"},"_links":{"self":[{"href":"https:\/\/radiobabel.com.ar\/web\/wp-json\/wp\/v2\/product\/482","targetHints":{"allow":["GET"]}}],"collection":[{"href":"https:\/\/radiobabel.com.ar\/web\/wp-json\/wp\/v2\/product"}],"about":[{"href":"https:\/\/radiobabel.com.ar\/web\/wp-json\/wp\/v2\/types\/product"}],"wp:featuredmedia":[{"embeddable":true,"href":"https:\/\/radiobabel.com.ar\/web\/wp-json\/wp\/v2\/media\/130"}],"wp:attachment":[{"href":"https:\/\/radiobabel.com.ar\/web\/wp-json\/wp\/v2\/media?parent=482"}],"wp:term":[{"taxonomy":"product_brand","embeddable":true,"href":"https:\/\/radiobabel.com.ar\/web\/wp-json\/wp\/v2\/product_brand?post=482"},{"taxonomy":"product_cat","embeddable":true,"href":"https:\/\/radiobabel.com.ar\/web\/wp-json\/wp\/v2\/product_cat?post=482"},{"taxonomy":"product_tag","embeddable":true,"href":"https:\/\/radiobabel.com.ar\/web\/wp-json\/wp\/v2\/product_tag?post=482"}],"curies":[{"name":"wp","href":"https:\/\/api.w.org\/{rel}","templated":true}]}}