{"id":387,"date":"2019-05-06T17:17:03","date_gmt":"2019-05-06T17:17:03","guid":{"rendered":"https:\/\/radiobabel.com.ar\/web\/?page_id=387"},"modified":"2026-03-05T07:21:17","modified_gmt":"2026-03-05T07:21:17","slug":"mil-petalos","status":"publish","type":"page","link":"https:\/\/radiobabel.com.ar\/web\/programacion\/mil-petalos\/","title":{"rendered":"Mil Petalos"},"content":{"rendered":"\n<div class=\"wp-block-media-text is-stacked-on-mobile is-vertically-aligned-center has-background\" style=\"background-color:#9d9fff;grid-template-columns:34% auto\"><figure class=\"wp-block-media-text__media\"><img loading=\"lazy\" decoding=\"async\" width=\"500\" height=\"500\" src=\"https:\/\/radiobabel.com.ar\/web\/wp-content\/uploads\/2026\/03\/post-mil-petalos.png\" alt=\"\" class=\"wp-image-1378 size-full\" srcset=\"https:\/\/radiobabel.com.ar\/web\/wp-content\/uploads\/2026\/03\/post-mil-petalos.png 500w, https:\/\/radiobabel.com.ar\/web\/wp-content\/uploads\/2026\/03\/post-mil-petalos-300x300.png 300w, https:\/\/radiobabel.com.ar\/web\/wp-content\/uploads\/2026\/03\/post-mil-petalos-150x150.png 150w, https:\/\/radiobabel.com.ar\/web\/wp-content\/uploads\/2026\/03\/post-mil-petalos-100x100.png 100w\" sizes=\"auto, (max-width: 500px) 100vw, 500px\" \/><\/figure><div class=\"wp-block-media-text__content\">\n<p class=\"has-text-align-left\">El programa m\u00e1s inclusivo, donde tratamos temas generales y de discapacidad.<br>Un proyecto de la asociaci\u00f3n civil \u00abMIL P\u00c9TALOS\u00bb creado, producido y realizado por toda nuestra comunidad que est\u00e1 al aire desde hace m\u00e1s de 7 a\u00f1os.<\/p>\n\n\n\n<p class=\"has-text-align-left\"><strong>Te inviamos a acompa\u00f1arnos todos los s\u00e1bados a las 17 hs por radiobabel.com.ar<\/strong><\/p>\n<\/div><\/div>\n\n\n\n<hr class=\"wp-block-separator has-css-opacity is-style-default\"\/>\n\n\n<div class=\"epyt-gallery\" data-currpage=\"1\" id=\"epyt_gallery_34519\"><iframe loading=\"lazy\"  style=\"display: block; margin: 0px auto;\"  id=\"_ytid_31994\"  width=\"640\" height=\"360\"  data-origwidth=\"640\" data-origheight=\"360\" src=\"https:\/\/www.youtube.com\/embed\/w_ySW5ZSz14?enablejsapi=1&#038;autoplay=0&#038;cc_load_policy=0&#038;cc_lang_pref=&#038;iv_load_policy=1&#038;loop=0&#038;rel=1&#038;fs=1&#038;playsinline=0&#038;autohide=2&#038;theme=dark&#038;color=red&#038;controls=1&#038;disablekb=0&#038;\" class=\"__youtube_prefs__  no-lazyload\" title=\"YouTube player\"  data-epytgalleryid=\"epyt_gallery_34519\"  allow=\"fullscreen; accelerometer; autoplay; clipboard-write; encrypted-media; gyroscope; picture-in-picture; web-share\" referrerpolicy=\"strict-origin-when-cross-origin\" allowfullscreen data-no-lazy=\"1\" data-skipgform_ajax_framebjll=\"\"><\/iframe><div class=\"epyt-gallery-subscribe\"><a target=\"_blank\" class=\"epyt-gallery-subbutton\" href=\"https:\/\/www.youtube.com\/channel\/UC8bSbM_WakJwwrQ7t5QVB1Q?sub_confirmation=1\"><img decoding=\"async\" alt=\"subscribe\" src=\"https:\/\/radiobabel.com.ar\/web\/wp-content\/plugins\/youtube-embed-plus\/images\/play-subscribe.png\" \/>Subscribite al canal de Radio Babel<\/a><\/div><div class=\"epyt-gallery-list\"><div class=\"epyt-pagination \"><div tabindex=\"0\" role=\"button\" class=\"epyt-pagebutton epyt-prev  hide \" data-playlistid=\"PLEUei6YfJI5pjbTzDC75ekiXZqHndg4-B\" data-pagesize=\"15\" data-pagetoken=\"\" data-epcolumns=\"3\" data-showtitle=\"1\" data-showpaging=\"1\" data-autonext=\"0\" data-thumbplay=\"1\"><div class=\"epyt-arrow\">&laquo;<\/div> <div>Prev<\/div><\/div><div class=\"epyt-pagenumbers \"><div class=\"epyt-current\">1<\/div><div class=\"epyt-pageseparator\"> \/ <\/div><div class=\"epyt-totalpages\">8<\/div><\/div><div tabindex=\"0\" role=\"button\" class=\"epyt-pagebutton epyt-next\" data-playlistid=\"PLEUei6YfJI5pjbTzDC75ekiXZqHndg4-B\" data-pagesize=\"15\" data-pagetoken=\"EAAaHlBUOkNBOGlFRVZHTjBZME16TTNRalpGTWpjd09VWQ\" data-epcolumns=\"3\" data-showtitle=\"1\" data-showpaging=\"1\" data-autonext=\"0\" data-thumbplay=\"1\"><div>Next<\/div> <div class=\"epyt-arrow\">&raquo;<\/div><\/div><div class=\"epyt-loader\"><img loading=\"lazy\" decoding=\"async\" alt=\"loading\" width=\"16\" height=\"11\" src=\"https:\/\/radiobabel.com.ar\/web\/wp-content\/plugins\/youtube-embed-plus\/images\/gallery-page-loader.gif\"><\/div><\/div><div class=\"epyt-gallery-allthumbs  epyt-cols-3 \"><div tabindex=\"0\" role=\"button\" data-videoid=\"w_ySW5ZSz14\" class=\"epyt-gallery-thumb\"><div class=\"epyt-gallery-img-box\"><div class=\"epyt-gallery-img\" style=\"background-image: url(https:\/\/i.ytimg.com\/vi\/w_ySW5ZSz14\/hqdefault.jpg)\"><div class=\"epyt-gallery-playhover\"><img loading=\"lazy\" decoding=\"async\" alt=\"play\" class=\"epyt-play-img\" width=\"30\" height=\"23\" src=\"https:\/\/radiobabel.com.ar\/web\/wp-content\/plugins\/youtube-embed-plus\/images\/playhover.png\" data-no-lazy=\"1\" data-skipgform_ajax_framebjll=\"\" \/><div class=\"epyt-gallery-playcrutch\"><\/div><\/div><\/div><\/div><div class=\"epyt-gallery-title\">MIL PETALOS S08 E6<\/div><\/div><div tabindex=\"0\" role=\"button\" data-videoid=\"mt9n3-AXC5E\" class=\"epyt-gallery-thumb\"><div class=\"epyt-gallery-img-box\"><div class=\"epyt-gallery-img\" style=\"background-image: url(https:\/\/i.ytimg.com\/vi\/mt9n3-AXC5E\/hqdefault.jpg)\"><div class=\"epyt-gallery-playhover\"><img loading=\"lazy\" decoding=\"async\" alt=\"play\" class=\"epyt-play-img\" width=\"30\" height=\"23\" src=\"https:\/\/radiobabel.com.ar\/web\/wp-content\/plugins\/youtube-embed-plus\/images\/playhover.png\" data-no-lazy=\"1\" data-skipgform_ajax_framebjll=\"\" \/><div class=\"epyt-gallery-playcrutch\"><\/div><\/div><\/div><\/div><div class=\"epyt-gallery-title\">MIL PETALOS S08 E05<\/div><\/div><div tabindex=\"0\" role=\"button\" data-videoid=\"QW8Djf9Q4xE\" class=\"epyt-gallery-thumb\"><div class=\"epyt-gallery-img-box\"><div class=\"epyt-gallery-img\" style=\"background-image: url(https:\/\/i.ytimg.com\/vi\/QW8Djf9Q4xE\/hqdefault.jpg)\"><div class=\"epyt-gallery-playhover\"><img loading=\"lazy\" decoding=\"async\" alt=\"play\" class=\"epyt-play-img\" width=\"30\" height=\"23\" src=\"https:\/\/radiobabel.com.ar\/web\/wp-content\/plugins\/youtube-embed-plus\/images\/playhover.png\" data-no-lazy=\"1\" data-skipgform_ajax_framebjll=\"\" \/><div class=\"epyt-gallery-playcrutch\"><\/div><\/div><\/div><\/div><div class=\"epyt-gallery-title\">MIL PETALOS S08 E04<\/div><\/div><div class=\"epyt-gallery-rowbreak\"><\/div><div tabindex=\"0\" role=\"button\" data-videoid=\"BCmPL0aNY2c\" class=\"epyt-gallery-thumb\"><div class=\"epyt-gallery-img-box\"><div class=\"epyt-gallery-img\" style=\"background-image: url(https:\/\/i.ytimg.com\/vi\/BCmPL0aNY2c\/hqdefault.jpg)\"><div class=\"epyt-gallery-playhover\"><img loading=\"lazy\" decoding=\"async\" alt=\"play\" class=\"epyt-play-img\" width=\"30\" height=\"23\" src=\"https:\/\/radiobabel.com.ar\/web\/wp-content\/plugins\/youtube-embed-plus\/images\/playhover.png\" data-no-lazy=\"1\" data-skipgform_ajax_framebjll=\"\" \/><div class=\"epyt-gallery-playcrutch\"><\/div><\/div><\/div><\/div><div class=\"epyt-gallery-title\">MIL PETALOS S08 E03<\/div><\/div><div tabindex=\"0\" role=\"button\" data-videoid=\"qXLodKvzl_8\" class=\"epyt-gallery-thumb\"><div class=\"epyt-gallery-img-box\"><div class=\"epyt-gallery-img\" style=\"background-image: url(https:\/\/i.ytimg.com\/vi\/qXLodKvzl_8\/hqdefault.jpg)\"><div class=\"epyt-gallery-playhover\"><img loading=\"lazy\" decoding=\"async\" alt=\"play\" class=\"epyt-play-img\" width=\"30\" height=\"23\" src=\"https:\/\/radiobabel.com.ar\/web\/wp-content\/plugins\/youtube-embed-plus\/images\/playhover.png\" data-no-lazy=\"1\" data-skipgform_ajax_framebjll=\"\" \/><div class=\"epyt-gallery-playcrutch\"><\/div><\/div><\/div><\/div><div class=\"epyt-gallery-title\">MIL P\u00c9TALOS S08 E02<\/div><\/div><div tabindex=\"0\" role=\"button\" data-videoid=\"YKqRPeKP2bY\" class=\"epyt-gallery-thumb\"><div class=\"epyt-gallery-img-box\"><div class=\"epyt-gallery-img\" style=\"background-image: url(https:\/\/i.ytimg.com\/vi\/YKqRPeKP2bY\/hqdefault.jpg)\"><div class=\"epyt-gallery-playhover\"><img loading=\"lazy\" decoding=\"async\" alt=\"play\" class=\"epyt-play-img\" width=\"30\" height=\"23\" src=\"https:\/\/radiobabel.com.ar\/web\/wp-content\/plugins\/youtube-embed-plus\/images\/playhover.png\" data-no-lazy=\"1\" data-skipgform_ajax_framebjll=\"\" \/><div class=\"epyt-gallery-playcrutch\"><\/div><\/div><\/div><\/div><div class=\"epyt-gallery-title\">MIL P\u00c9TALOS S08 E01<\/div><\/div><div class=\"epyt-gallery-rowbreak\"><\/div><div tabindex=\"0\" role=\"button\" data-videoid=\"brIpM-N4ZyU\" class=\"epyt-gallery-thumb\"><div class=\"epyt-gallery-img-box\"><div class=\"epyt-gallery-img\" style=\"background-image: url(https:\/\/i.ytimg.com\/vi\/brIpM-N4ZyU\/hqdefault.jpg)\"><div class=\"epyt-gallery-playhover\"><img loading=\"lazy\" decoding=\"async\" alt=\"play\" class=\"epyt-play-img\" width=\"30\" height=\"23\" src=\"https:\/\/radiobabel.com.ar\/web\/wp-content\/plugins\/youtube-embed-plus\/images\/playhover.png\" data-no-lazy=\"1\" data-skipgform_ajax_framebjll=\"\" \/><div class=\"epyt-gallery-playcrutch\"><\/div><\/div><\/div><\/div><div class=\"epyt-gallery-title\">MIL PETALOS S07 E25<\/div><\/div><div tabindex=\"0\" role=\"button\" data-videoid=\"vgwpqj3g4dQ\" class=\"epyt-gallery-thumb\"><div class=\"epyt-gallery-img-box\"><div class=\"epyt-gallery-img\" style=\"background-image: url(https:\/\/i.ytimg.com\/vi\/vgwpqj3g4dQ\/hqdefault.jpg)\"><div class=\"epyt-gallery-playhover\"><img loading=\"lazy\" decoding=\"async\" alt=\"play\" class=\"epyt-play-img\" width=\"30\" height=\"23\" src=\"https:\/\/radiobabel.com.ar\/web\/wp-content\/plugins\/youtube-embed-plus\/images\/playhover.png\" data-no-lazy=\"1\" data-skipgform_ajax_framebjll=\"\" \/><div class=\"epyt-gallery-playcrutch\"><\/div><\/div><\/div><\/div><div class=\"epyt-gallery-title\">MIL PETALOS S07E24<\/div><\/div><div tabindex=\"0\" role=\"button\" data-videoid=\"IUQPFTA11II\" class=\"epyt-gallery-thumb\"><div class=\"epyt-gallery-img-box\"><div class=\"epyt-gallery-img\" style=\"background-image: url(https:\/\/i.ytimg.com\/vi\/IUQPFTA11II\/hqdefault.jpg)\"><div class=\"epyt-gallery-playhover\"><img loading=\"lazy\" decoding=\"async\" alt=\"play\" class=\"epyt-play-img\" width=\"30\" height=\"23\" src=\"https:\/\/radiobabel.com.ar\/web\/wp-content\/plugins\/youtube-embed-plus\/images\/playhover.png\" data-no-lazy=\"1\" data-skipgform_ajax_framebjll=\"\" \/><div class=\"epyt-gallery-playcrutch\"><\/div><\/div><\/div><\/div><div class=\"epyt-gallery-title\">MIL PETALOS S07E23<\/div><\/div><div class=\"epyt-gallery-rowbreak\"><\/div><div tabindex=\"0\" role=\"button\" data-videoid=\"CoELADYvHAs\" class=\"epyt-gallery-thumb\"><div class=\"epyt-gallery-img-box\"><div class=\"epyt-gallery-img\" style=\"background-image: url(https:\/\/i.ytimg.com\/vi\/CoELADYvHAs\/hqdefault.jpg)\"><div class=\"epyt-gallery-playhover\"><img loading=\"lazy\" decoding=\"async\" alt=\"play\" class=\"epyt-play-img\" width=\"30\" height=\"23\" src=\"https:\/\/radiobabel.com.ar\/web\/wp-content\/plugins\/youtube-embed-plus\/images\/playhover.png\" data-no-lazy=\"1\" data-skipgform_ajax_framebjll=\"\" \/><div class=\"epyt-gallery-playcrutch\"><\/div><\/div><\/div><\/div><div class=\"epyt-gallery-title\">MIL PETALOS S07E22<\/div><\/div><div tabindex=\"0\" role=\"button\" data-videoid=\"zrMiDS6MrIU\" class=\"epyt-gallery-thumb\"><div class=\"epyt-gallery-img-box\"><div class=\"epyt-gallery-img\" style=\"background-image: url(https:\/\/i.ytimg.com\/vi\/zrMiDS6MrIU\/hqdefault.jpg)\"><div class=\"epyt-gallery-playhover\"><img loading=\"lazy\" decoding=\"async\" alt=\"play\" class=\"epyt-play-img\" width=\"30\" height=\"23\" src=\"https:\/\/radiobabel.com.ar\/web\/wp-content\/plugins\/youtube-embed-plus\/images\/playhover.png\" data-no-lazy=\"1\" data-skipgform_ajax_framebjll=\"\" \/><div class=\"epyt-gallery-playcrutch\"><\/div><\/div><\/div><\/div><div class=\"epyt-gallery-title\">MIL PETALOS S07E21<\/div><\/div><div tabindex=\"0\" role=\"button\" data-videoid=\"iTt85jvMgNs\" class=\"epyt-gallery-thumb\"><div class=\"epyt-gallery-img-box\"><div class=\"epyt-gallery-img\" style=\"background-image: url(https:\/\/i.ytimg.com\/vi\/iTt85jvMgNs\/hqdefault.jpg)\"><div class=\"epyt-gallery-playhover\"><img loading=\"lazy\" decoding=\"async\" alt=\"play\" class=\"epyt-play-img\" width=\"30\" height=\"23\" src=\"https:\/\/radiobabel.com.ar\/web\/wp-content\/plugins\/youtube-embed-plus\/images\/playhover.png\" data-no-lazy=\"1\" data-skipgform_ajax_framebjll=\"\" \/><div class=\"epyt-gallery-playcrutch\"><\/div><\/div><\/div><\/div><div class=\"epyt-gallery-title\">MIL PETALOS S07 E20<\/div><\/div><div class=\"epyt-gallery-rowbreak\"><\/div><div tabindex=\"0\" role=\"button\" data-videoid=\"rfDq0MfI2As\" class=\"epyt-gallery-thumb\"><div class=\"epyt-gallery-img-box\"><div class=\"epyt-gallery-img\" style=\"background-image: url(https:\/\/i.ytimg.com\/vi\/rfDq0MfI2As\/hqdefault.jpg)\"><div class=\"epyt-gallery-playhover\"><img loading=\"lazy\" decoding=\"async\" alt=\"play\" class=\"epyt-play-img\" width=\"30\" height=\"23\" src=\"https:\/\/radiobabel.com.ar\/web\/wp-content\/plugins\/youtube-embed-plus\/images\/playhover.png\" data-no-lazy=\"1\" data-skipgform_ajax_framebjll=\"\" \/><div class=\"epyt-gallery-playcrutch\"><\/div><\/div><\/div><\/div><div class=\"epyt-gallery-title\">MIL PETALOS S07 E19<\/div><\/div><div tabindex=\"0\" role=\"button\" data-videoid=\"WDMZYMXzs-o\" class=\"epyt-gallery-thumb\"><div class=\"epyt-gallery-img-box\"><div class=\"epyt-gallery-img\" style=\"background-image: url(https:\/\/i.ytimg.com\/vi\/WDMZYMXzs-o\/hqdefault.jpg)\"><div class=\"epyt-gallery-playhover\"><img loading=\"lazy\" decoding=\"async\" alt=\"play\" class=\"epyt-play-img\" width=\"30\" height=\"23\" src=\"https:\/\/radiobabel.com.ar\/web\/wp-content\/plugins\/youtube-embed-plus\/images\/playhover.png\" data-no-lazy=\"1\" data-skipgform_ajax_framebjll=\"\" \/><div class=\"epyt-gallery-playcrutch\"><\/div><\/div><\/div><\/div><div class=\"epyt-gallery-title\">MIL P\u00c9TALOS S07 E18<\/div><\/div><div tabindex=\"0\" role=\"button\" data-videoid=\"KxZF6hXnGhQ\" class=\"epyt-gallery-thumb\"><div class=\"epyt-gallery-img-box\"><div class=\"epyt-gallery-img\" style=\"background-image: url(https:\/\/i.ytimg.com\/vi\/KxZF6hXnGhQ\/hqdefault.jpg)\"><div class=\"epyt-gallery-playhover\"><img loading=\"lazy\" decoding=\"async\" alt=\"play\" class=\"epyt-play-img\" width=\"30\" height=\"23\" src=\"https:\/\/radiobabel.com.ar\/web\/wp-content\/plugins\/youtube-embed-plus\/images\/playhover.png\" data-no-lazy=\"1\" data-skipgform_ajax_framebjll=\"\" \/><div class=\"epyt-gallery-playcrutch\"><\/div><\/div><\/div><\/div><div class=\"epyt-gallery-title\">MIL PETALOS S07 E18<\/div><\/div><div class=\"epyt-gallery-rowbreak\"><\/div><div class=\"epyt-gallery-clear\"><\/div><\/div><div class=\"epyt-pagination \"><div tabindex=\"0\" role=\"button\" class=\"epyt-pagebutton epyt-prev  hide \" data-playlistid=\"PLEUei6YfJI5pjbTzDC75ekiXZqHndg4-B\" data-pagesize=\"15\" data-pagetoken=\"\" data-epcolumns=\"3\" data-showtitle=\"1\" data-showpaging=\"1\" data-autonext=\"0\" data-thumbplay=\"1\"><div class=\"epyt-arrow\">&laquo;<\/div> <div>Prev<\/div><\/div><div class=\"epyt-pagenumbers \"><div class=\"epyt-current\">1<\/div><div class=\"epyt-pageseparator\"> \/ <\/div><div class=\"epyt-totalpages\">8<\/div><\/div><div tabindex=\"0\" role=\"button\" class=\"epyt-pagebutton epyt-next\" data-playlistid=\"PLEUei6YfJI5pjbTzDC75ekiXZqHndg4-B\" data-pagesize=\"15\" data-pagetoken=\"EAAaHlBUOkNBOGlFRVZHTjBZME16TTNRalpGTWpjd09VWQ\" data-epcolumns=\"3\" data-showtitle=\"1\" data-showpaging=\"1\" data-autonext=\"0\" data-thumbplay=\"1\"><div>Next<\/div> <div class=\"epyt-arrow\">&raquo;<\/div><\/div><div class=\"epyt-loader\"><img loading=\"lazy\" decoding=\"async\" alt=\"loading\" width=\"16\" height=\"11\" src=\"https:\/\/radiobabel.com.ar\/web\/wp-content\/plugins\/youtube-embed-plus\/images\/gallery-page-loader.gif\"><\/div><\/div><\/div><\/div>\n\n\n<hr class=\"wp-block-separator has-css-opacity is-style-default\"\/>\n\n\n\n<hr class=\"wp-block-separator has-css-opacity\"\/>\n\n\n\n<h2 class=\"wp-block-heading\">Noticias y novedades de MIL PETALOS en la radio<\/h2>\n\n\n\n<hr class=\"wp-block-separator has-css-opacity\"\/>\n\n\n<div class=\"pt-cv-wrapper\"><div class=\"pt-cv-view pt-cv-grid pt-cv-colsys\" id=\"pt-cv-view-79d7e8dk7a\"><div data-id=\"pt-cv-page-1\" class=\"pt-cv-page\" data-cvc=\"2\"><div class=\"col-md-6 col-sm-6 col-xs-12 pt-cv-content-item pt-cv-1-col\" ><div class='pt-cv-ifield'><a href=\"https:\/\/radiobabel.com.ar\/web\/mil-petalos-en-la-radio-s04e02\/\" class=\"_self pt-cv-href-thumbnail pt-cv-thumb-default\" target=\"_self\" ><img loading=\"lazy\" decoding=\"async\" width=\"300\" height=\"168\" src=\"https:\/\/radiobabel.com.ar\/web\/wp-content\/uploads\/2022\/03\/mil-petalos-Bloque-4-300x168.png\" class=\"pt-cv-thumbnail\" alt=\"\" srcset=\"https:\/\/radiobabel.com.ar\/web\/wp-content\/uploads\/2022\/03\/mil-petalos-Bloque-4-300x168.png 300w, https:\/\/radiobabel.com.ar\/web\/wp-content\/uploads\/2022\/03\/mil-petalos-Bloque-4-1024x573.png 1024w, https:\/\/radiobabel.com.ar\/web\/wp-content\/uploads\/2022\/03\/mil-petalos-Bloque-4-768x430.png 768w, https:\/\/radiobabel.com.ar\/web\/wp-content\/uploads\/2022\/03\/mil-petalos-Bloque-4-600x336.png 600w, https:\/\/radiobabel.com.ar\/web\/wp-content\/uploads\/2022\/03\/mil-petalos-Bloque-4.png 1081w\" sizes=\"auto, (max-width: 300px) 100vw, 300px\" \/><\/a>\n<h4 class=\"pt-cv-title\"><a href=\"https:\/\/radiobabel.com.ar\/web\/mil-petalos-en-la-radio-s04e02\/\" class=\"_self\" target=\"_self\" >Mil Petalos en la radio S04E02<\/a><\/h4>\n<div class=\"pt-cv-content\">Segundo programa de la cuarta temporada de MIL PETALOS en la radioPor www.radiobabel.com.arS\u00e1bados a las 17 hs. Bloque 1 Bloque ...<br \/><div class=\"pt-cv-rmwrap\"><a href=\"https:\/\/radiobabel.com.ar\/web\/mil-petalos-en-la-radio-s04e02\/\" class=\"_self pt-cv-readmore btn btn-success\" target=\"_self\">Leer M\u00e1s<\/a><\/div><\/div><\/div><\/div>\n<div class=\"col-md-6 col-sm-6 col-xs-12 pt-cv-content-item pt-cv-1-col\" ><div class='pt-cv-ifield'><a href=\"https:\/\/radiobabel.com.ar\/web\/tercera-temporada\/\" class=\"_self pt-cv-href-thumbnail pt-cv-thumb-default\" target=\"_self\" ><img loading=\"lazy\" decoding=\"async\" width=\"277\" height=\"300\" src=\"https:\/\/radiobabel.com.ar\/web\/wp-content\/uploads\/2020\/12\/PETALOS-277x300.jpg\" class=\"pt-cv-thumbnail\" alt=\"\" srcset=\"https:\/\/radiobabel.com.ar\/web\/wp-content\/uploads\/2020\/12\/PETALOS-277x300.jpg 277w, https:\/\/radiobabel.com.ar\/web\/wp-content\/uploads\/2020\/12\/PETALOS.jpg 470w\" sizes=\"auto, (max-width: 277px) 100vw, 277px\" \/><\/a>\n<h4 class=\"pt-cv-title\"><a href=\"https:\/\/radiobabel.com.ar\/web\/tercera-temporada\/\" class=\"_self\" target=\"_self\" >\u00a1\u00a1\u00a1TERCERA TEMPORADA!!!<\/a><\/h4>\n<div class=\"pt-cv-content\">Comenzamos la terceratemporada de MIL PETALOS EN LA RADIO. Desde diciembre 2020 volvemos a la radio con todas las normas ...<br \/><div class=\"pt-cv-rmwrap\"><a href=\"https:\/\/radiobabel.com.ar\/web\/tercera-temporada\/\" class=\"_self pt-cv-readmore btn btn-success\" target=\"_self\">Leer M\u00e1s<\/a><\/div><\/div><\/div><\/div>\n<div class=\"col-md-6 col-sm-6 col-xs-12 pt-cv-content-item pt-cv-1-col\" ><div class='pt-cv-ifield'><a href=\"https:\/\/radiobabel.com.ar\/web\/mil-petalos-temporada-2\/\" class=\"_self pt-cv-href-thumbnail pt-cv-thumb-default\" target=\"_self\" ><img loading=\"lazy\" decoding=\"async\" width=\"225\" height=\"300\" src=\"https:\/\/radiobabel.com.ar\/web\/wp-content\/uploads\/2020\/03\/mil-petalos-2020-225x300.jpg\" class=\"pt-cv-thumbnail\" alt=\"\" srcset=\"https:\/\/radiobabel.com.ar\/web\/wp-content\/uploads\/2020\/03\/mil-petalos-2020-225x300.jpg 225w, https:\/\/radiobabel.com.ar\/web\/wp-content\/uploads\/2020\/03\/mil-petalos-2020-600x800.jpg 600w, https:\/\/radiobabel.com.ar\/web\/wp-content\/uploads\/2020\/03\/mil-petalos-2020.jpg 720w\" sizes=\"auto, (max-width: 225px) 100vw, 225px\" \/><\/a>\n<h4 class=\"pt-cv-title\"><a href=\"https:\/\/radiobabel.com.ar\/web\/mil-petalos-temporada-2\/\" class=\"_self\" target=\"_self\" >Mil P\u00e9talos &#8211; Temporada 2<\/a><\/h4>\n<div class=\"pt-cv-content\">Segunda temporada de \"Mil P\u00e9talos en la radio\" por radiobabel.com.ar ...<br \/><div class=\"pt-cv-rmwrap\"><a href=\"https:\/\/radiobabel.com.ar\/web\/mil-petalos-temporada-2\/\" class=\"_self pt-cv-readmore btn btn-success\" target=\"_self\">Leer M\u00e1s<\/a><\/div><\/div><\/div><\/div><\/div><\/div><\/div>\n","protected":false},"excerpt":{"rendered":"<p>El programa m\u00e1s inclusivo, donde tratamos temas generales y de discapacidad.Un proyecto de la asociaci\u00f3n civil \u00abMIL P\u00c9TALOS\u00bb creado, producido y realizado por toda nuestra comunidad que est\u00e1 al aire desde hace m\u00e1s de 7 a\u00f1os. Te inviamos a acompa\u00f1arnos todos los s\u00e1bados a las 17 hs por radiobabel.com.ar Noticias y novedades de MIL PETALOS [&hellip;]<\/p>\n","protected":false},"author":2,"featured_media":0,"parent":45,"menu_order":0,"comment_status":"closed","ping_status":"closed","template":"","meta":{"footnotes":""},"class_list":["post-387","page","type-page","status-publish","hentry"],"_links":{"self":[{"href":"https:\/\/radiobabel.com.ar\/web\/wp-json\/wp\/v2\/pages\/387","targetHints":{"allow":["GET"]}}],"collection":[{"href":"https:\/\/radiobabel.com.ar\/web\/wp-json\/wp\/v2\/pages"}],"about":[{"href":"https:\/\/radiobabel.com.ar\/web\/wp-json\/wp\/v2\/types\/page"}],"author":[{"embeddable":true,"href":"https:\/\/radiobabel.com.ar\/web\/wp-json\/wp\/v2\/users\/2"}],"replies":[{"embeddable":true,"href":"https:\/\/radiobabel.com.ar\/web\/wp-json\/wp\/v2\/comments?post=387"}],"version-history":[{"count":10,"href":"https:\/\/radiobabel.com.ar\/web\/wp-json\/wp\/v2\/pages\/387\/revisions"}],"predecessor-version":[{"id":1419,"href":"https:\/\/radiobabel.com.ar\/web\/wp-json\/wp\/v2\/pages\/387\/revisions\/1419"}],"up":[{"embeddable":true,"href":"https:\/\/radiobabel.com.ar\/web\/wp-json\/wp\/v2\/pages\/45"}],"wp:attachment":[{"href":"https:\/\/radiobabel.com.ar\/web\/wp-json\/wp\/v2\/media?parent=387"}],"curies":[{"name":"wp","href":"https:\/\/api.w.org\/{rel}","templated":true}]}}