{"id":127,"date":"2018-09-13T07:17:54","date_gmt":"2018-09-13T07:17:54","guid":{"rendered":"https:\/\/radiobabel.com.ar\/web\/?page_id=127"},"modified":"2020-02-03T01:25:18","modified_gmt":"2020-02-03T01:25:18","slug":"hace-radio","status":"publish","type":"page","link":"https:\/\/radiobabel.com.ar\/web\/hace-radio\/","title":{"rendered":"Hac\u00e9 radio"},"content":{"rendered":"\n<h2 class=\"has-text-align-center wp-block-heading\"><em><strong>\u00bfPensaste alguna vez en hacer tu propio programa de radio?<\/strong><\/em> <\/h2>\n\n\n\n<div class=\"wp-block-media-text alignwide has-media-on-the-right\" style=\"grid-template-columns:auto 46%\"><figure class=\"wp-block-media-text__media\"><img loading=\"lazy\" decoding=\"async\" width=\"540\" height=\"275\" src=\"https:\/\/radiobabel.com.ar\/web\/wp-content\/uploads\/2018\/08\/locutores1.jpg\" alt=\"\" class=\"wp-image-51\" srcset=\"https:\/\/radiobabel.com.ar\/web\/wp-content\/uploads\/2018\/08\/locutores1.jpg 540w, https:\/\/radiobabel.com.ar\/web\/wp-content\/uploads\/2018\/08\/locutores1-300x153.jpg 300w\" sizes=\"auto, (max-width: 540px) 100vw, 540px\" \/><\/figure><div class=\"wp-block-media-text__content\">\n<p> Radio Babel es una radio on-line abierta la comunidad, nos interesa que  todas las voces se escuchen, que salgan al mundo, que cuenten sus  historias, opiniones, sensaciones, gustos, siempre en el marco del  respeto.<br>Si nunca te animaste a esta aventura de la radio, seguramente tendr\u00e1s algunas preguntas. <\/p>\n<\/div><\/div>\n\n\n\n<p style=\"background-color:#fed6f1\" class=\"has-background has-text-align-center\"> <strong><em>Aqu\u00ed vamos a tratar de dar respuesta a las consultas m\u00e1s frecuentes.<\/em><\/strong> <\/p>\n\n\n\n<p style=\"background-color:#ffd1c1\" class=\"has-background has-text-align-center\"><strong><em>\u00bf<\/em><\/strong><em><strong>Necesito ser periodista o lucutor\/a para tener mi programa?<\/strong><\/em> <\/p>\n\n\n\n<div class=\"wp-block-media-text alignwide\" style=\"grid-template-columns:41% auto\"><figure class=\"wp-block-media-text__media\"><img loading=\"lazy\" decoding=\"async\" width=\"626\" height=\"417\" src=\"https:\/\/radiobabel.com.ar\/web\/wp-content\/uploads\/2018\/09\/locutores.jpg\" alt=\"\" class=\"wp-image-130\" srcset=\"https:\/\/radiobabel.com.ar\/web\/wp-content\/uploads\/2018\/09\/locutores.jpg 626w, https:\/\/radiobabel.com.ar\/web\/wp-content\/uploads\/2018\/09\/locutores-600x400.jpg 600w, https:\/\/radiobabel.com.ar\/web\/wp-content\/uploads\/2018\/09\/locutores-300x200.jpg 300w, https:\/\/radiobabel.com.ar\/web\/wp-content\/uploads\/2018\/09\/locutores-450x300.jpg 450w\" sizes=\"auto, (max-width: 626px) 100vw, 626px\" \/><\/figure><div class=\"wp-block-media-text__content\">\n<p>Radio Babel es un medio de comunicaci\u00f3n abierto a la comunidad.\u00a0 Si sos estudiante de comunicaci\u00f3n, periodista, locutor\/a mucho mejor, pero no serlo no es un impedimento\u00a0 para que tengas tu espacio en el eter. <br>Antes de comenzar te ayudamos a concretar tu idea, con nociones b\u00e1sicas de producci\u00f3n y art\u00edstica, para que puedas llevarla a cabo. <\/p>\n<\/div><\/div>\n\n\n\n<p style=\"background-color:#ffd1c1\" class=\"has-background has-text-align-center\"><em><strong>\u00bfQu\u00e9 duraci\u00f3n debe tener mi programa?<\/strong><\/em><\/p>\n\n\n\n<div class=\"wp-block-media-text alignwide has-media-on-the-right\" style=\"grid-template-columns:auto 43%\"><figure class=\"wp-block-media-text__media\"><img loading=\"lazy\" decoding=\"async\" width=\"700\" height=\"450\" src=\"https:\/\/radiobabel.com.ar\/web\/wp-content\/uploads\/2018\/09\/aire.jpg\" alt=\"\" class=\"wp-image-131\" srcset=\"https:\/\/radiobabel.com.ar\/web\/wp-content\/uploads\/2018\/09\/aire.jpg 700w, https:\/\/radiobabel.com.ar\/web\/wp-content\/uploads\/2018\/09\/aire-600x386.jpg 600w, https:\/\/radiobabel.com.ar\/web\/wp-content\/uploads\/2018\/09\/aire-300x193.jpg 300w\" sizes=\"auto, (max-width: 700px) 100vw, 700px\" \/><\/figure><div class=\"wp-block-media-text__content\">\n<p class=\"has-normal-font-size\"> Te aconsejamos comenzar con una hora semanal, pero ten\u00e9s diferentes posibilidades en la radio.\u00a0 Desde microprogramas de 3 a 5 minutos, hasta programas semanales o diarios de hasta 3 horas de duraci\u00f3n por emisi\u00f3n.\u00a0 El l\u00edmite lo da tu capacidad de producci\u00f3n, las ganas y tu imaginaci\u00f3n. <\/p>\n<\/div><\/div>\n\n\n\n<p style=\"background-color:#ffd1c1\" class=\"has-background has-text-align-center\"> <strong><em>\u00bf<\/em><\/strong><em><strong>Se puede hablar de todos los temas?<\/strong><\/em> <\/p>\n\n\n\n<div class=\"wp-block-media-text alignwide\" style=\"grid-template-columns:44% auto\"><figure class=\"wp-block-media-text__media\"><img loading=\"lazy\" decoding=\"async\" width=\"297\" height=\"170\" src=\"https:\/\/radiobabel.com.ar\/web\/wp-content\/uploads\/2018\/09\/programas-al-aire.jpeg\" alt=\"\" class=\"wp-image-132\"\/><\/figure><div class=\"wp-block-media-text__content\">\n<p class=\"has-normal-font-size\"> Radio Babel es una radio plural, todas las voces y opiniones tienen su espacio, siempre en el respeto por los dem\u00e1s.\u00a0 Por supuesto que hay premisas b\u00e1sicas, como en todo medio de comunicaci\u00f3n, que respetamos y acordamos con todos aquellos que quieran formar parte de la radio con sus propuestas. \u00a0 Deportes, cultura, actualidad, pol\u00edtica, religi\u00f3n, filosof\u00eda, historia, literatura, recreaci\u00f3n, ocio, espect\u00e1culos, juegos, entrevistas, m\u00fasica, todos los tema pueden ser base de tu programa o de las secciones de tu programa. <\/p>\n<\/div><\/div>\n\n\n\n<p style=\"background-color:#ffd1c1\" class=\"has-background has-text-align-center\"> <strong><em>No <\/em><\/strong><em><strong>conozco nada de la parte t\u00e9cnica <\/strong><\/em><br><em><strong>\u00bfPuedo hacer un programa igual?<\/strong><\/em> <\/p>\n\n\n\n<div class=\"wp-block-media-text alignwide\"><figure class=\"wp-block-media-text__media\"><img loading=\"lazy\" decoding=\"async\" width=\"275\" height=\"183\" src=\"https:\/\/radiobabel.com.ar\/web\/wp-content\/uploads\/2018\/09\/operador-de-radio.jpeg\" alt=\"\" class=\"wp-image-133\"\/><\/figure><div class=\"wp-block-media-text__content\">\n<p class=\"has-normal-font-size\"> En Radio Babel tenemos operadores que estar\u00e1n con vos, ya sea que grabes el programa o salgas en vivo.\u00a0 Cada uno de ellos est\u00e1 capacitado para acompa\u00f1arte en tu propuesta art\u00edstica. <\/p>\n<\/div><\/div>\n\n\n\n<p style=\"background-color:#ffd1c1\" class=\"has-background has-text-align-center\"> <em><strong>\u00bfPuedo tener publicidad en mi programa?<\/strong><\/em> <\/p>\n\n\n\n<div class=\"wp-block-media-text alignwide has-media-on-the-right\"><figure class=\"wp-block-media-text__media\"><img loading=\"lazy\" decoding=\"async\" width=\"640\" height=\"425\" src=\"https:\/\/radiobabel.com.ar\/web\/wp-content\/uploads\/2018\/09\/publicidad-en-radio.jpg\" alt=\"\" class=\"wp-image-134\" srcset=\"https:\/\/radiobabel.com.ar\/web\/wp-content\/uploads\/2018\/09\/publicidad-en-radio.jpg 640w, https:\/\/radiobabel.com.ar\/web\/wp-content\/uploads\/2018\/09\/publicidad-en-radio-600x398.jpg 600w, https:\/\/radiobabel.com.ar\/web\/wp-content\/uploads\/2018\/09\/publicidad-en-radio-300x199.jpg 300w, https:\/\/radiobabel.com.ar\/web\/wp-content\/uploads\/2018\/09\/publicidad-en-radio-450x300.jpg 450w\" sizes=\"auto, (max-width: 640px) 100vw, 640px\" \/><\/figure><div class=\"wp-block-media-text__content\">\n<p class=\"has-normal-font-size\"> Cada hora de programa tiene 5 minutos destinados a la promoci\u00f3n y publicidad de la radio.\u00a0 De este modo tu programa cuenta con 55 minutos totales para que desarrolles en \u00e9l tu contenido.\u00a0 Toda la publicidad que quieras incluir ser\u00e1 parte de tus 55 minutos de aire. <\/p>\n<\/div><\/div>\n\n\n\n<p style=\"background-color:#ffd1c1\" class=\"has-background has-text-align-center\">\nSi ten\u00e9s otras dudas o quer\u00e9s comenzar con tu programa escribinos a <a href=\"mailto:info@radiobabel.com.ar\"><strong>info@radiobabel.com.ar<\/strong><\/a><br>y te responderemos a la brevedad.\n\n<\/p>\n\n\n\n<p style=\"background-color:#ffd1c1\" class=\"has-background has-text-align-center\"><em><strong>\u00a1Animate!<br>Radio Babel es tu espacio.<\/strong><\/em><\/p>\n","protected":false},"excerpt":{"rendered":"<p>\u00bfPensaste alguna vez en hacer tu propio programa de radio? Radio Babel es una radio on-line abierta la comunidad, nos interesa que todas las voces se escuchen, que salgan al mundo, que cuenten sus historias, opiniones, sensaciones, gustos, siempre en el marco del respeto.Si nunca te animaste a esta aventura de la radio, seguramente tendr\u00e1s [&hellip;]<\/p>\n","protected":false},"author":2,"featured_media":0,"parent":0,"menu_order":0,"comment_status":"closed","ping_status":"closed","template":"","meta":{"footnotes":""},"class_list":["post-127","page","type-page","status-publish","hentry"],"_links":{"self":[{"href":"https:\/\/radiobabel.com.ar\/web\/wp-json\/wp\/v2\/pages\/127","targetHints":{"allow":["GET"]}}],"collection":[{"href":"https:\/\/radiobabel.com.ar\/web\/wp-json\/wp\/v2\/pages"}],"about":[{"href":"https:\/\/radiobabel.com.ar\/web\/wp-json\/wp\/v2\/types\/page"}],"author":[{"embeddable":true,"href":"https:\/\/radiobabel.com.ar\/web\/wp-json\/wp\/v2\/users\/2"}],"replies":[{"embeddable":true,"href":"https:\/\/radiobabel.com.ar\/web\/wp-json\/wp\/v2\/comments?post=127"}],"version-history":[{"count":0,"href":"https:\/\/radiobabel.com.ar\/web\/wp-json\/wp\/v2\/pages\/127\/revisions"}],"wp:attachment":[{"href":"https:\/\/radiobabel.com.ar\/web\/wp-json\/wp\/v2\/media?parent=127"}],"curies":[{"name":"wp","href":"https:\/\/api.w.org\/{rel}","templated":true}]}}